{"id":1487,"date":"2026-04-29T11:03:34","date_gmt":"2026-04-29T11:03:34","guid":{"rendered":"https:\/\/www.worldhousebh.com\/?page_id=1487"},"modified":"2026-04-29T11:03:34","modified_gmt":"2026-04-29T11:03:34","slug":"bizimle-iletisime-gecin","status":"publish","type":"page","link":"https:\/\/www.worldhousebh.com\/index.php\/tr\/bizimle-iletisime-gecin\/","title":{"rendered":"Bizimle \u0130leti\u015fime Ge\u00e7in"},"content":{"rendered":"<p>[vc_row][vc_column][vc_raw_html]JTNDaWZyYW1lJTIwc3JjJTNEJTIyaHR0cHMlM0ElMkYlMkZ3d3cuZ29vZ2xlLmNvbSUyRm1hcHMlMkZlbWJlZCUzRnBiJTNEJTIxMW0xNCUyMTFtOCUyMTFtMyUyMTFkMTIwMzkuNzcwNTEzNzUyOTclMjEyZDI4Ljk3NDY1OTElMjEzZDQxLjAyNjUxMTElMjEzbTIlMjExaTEwMjQlMjEyaTc2OCUyMTRmMTMuMSUyMTNtMyUyMTFtMiUyMTFzMHgwJTI1M0EweDQyNDUwNDllOGU4ODczYzQlMjEyc1dvcmxkJTI1MjBIb3VzZSUyNTIwQm91dGlxdWUlMjUyMEhvdGVsJTIxNWUwJTIxM20yJTIxMXN0ciUyMTJzdHIlMjE0djE1OTI1OTAwNzMzNDUlMjE1bTIlMjExc3RyJTIxMnN0ciUyMiUyMHdpZHRoJTNEJTIyMTAwJTI1JTIyJTIwaGVpZ2h0JTNEJTIyNDUwJTIyJTIwZnJhbWVib3JkZXIlM0QlMjIwJTIyJTIwc3R5bGUlM0QlMjJib3JkZXIlM0EwJTNCJTIyJTIwYWxsb3dmdWxsc2NyZWVuJTNEJTIyJTIyJTIwYXJpYS1oaWRkZW4lM0QlMjJmYWxzZSUyMiUyMHRhYmluZGV4JTNEJTIyMCUyMiUzRSUzQyUyRmlmcmFtZSUzRQ==[\/vc_raw_html][\/vc_column][\/vc_row][vc_row][vc_column][vc_raw_html]JTNDdWwlMjBjbGFzcyUzRCUyMnNvaG9ob3RlbC1jb250YWN0LXdpZGdldCUyMiUzRSUwQSUwOSUwOSUwOSUzQ2xpJTIwY2xhc3MlM0QlMjJzb2hvaG90ZWwtYWRkcmVzcyUyMiUzRSVDNSU5RWFoa3VsdSUyME1haC4lMkMlMjBHYWxpcCUyMERlZGUlMjBDZC4lMjBObyUzQTg1JTJGQSUyQyUyMDM0NDIxJTIwQmV5byVDNCU5Rmx1JTJGJUM0JUIwc3RhbmJ1bCUzQyUyRmxpJTNFJTA5JTA5JTA5JTNDbGklMjBjbGFzcyUzRCUyMnNvaG9ob3RlbC1waG9uZSUyMiUzRSUzQ2ElMjBocmVmJTNEJTIydGVsJTNBJTJGJTJGJTJCOTAyMTIyOTM1NTIwJTIyJTIwdGFyZ2V0JTNEJTIyX2JsYW5rJTIyJTIwYWx0JTNEJTIyV29ybGQlMjBIb3VzZSUyMEJvdXRpcXVlJTIwSG90ZWwlMjIlMjB0aXRsZSUzRCUyMldvcmxkJTIwSG91c2UlMjBCb3V0aXF1ZSUyMEhvdGVsJTIyJTIwcmVsJTNEJTIybm9vcGVuZXIlMjBub3JlZmVycmVyJTIyJTIwc3R5bGUlM0QlMjIlMEElMjAlMjAlMjAlMjB0ZXh0LWRlY29yYXRpb24lM0ElMjBub25lJTNCJTBBJTIyJTNFJTJCOTAlMjAyMTIlMjAyOTMlMjA1NSUyMDIwJTNDJTJGYSUzRSUzQyUyRmxpJTNFJTA5JTA5JTA5JTNDbGklMjBjbGFzcyUzRCUyMnNvaG9ob3RlbC1jZWxsLXBob25lJTIyJTIwc3R5bGUlM0QlMjIlMEElMjIlM0UlM0NhJTIwaHJlZiUzRCUyMnRlbCUzQSUyRiUyRiUyQjkwNTQ0MjkzNTUyMCUyMiUyMHRhcmdldCUzRCUyMl9ibGFuayUyMiUyMGFsdCUzRCUyMldvcmxkJTIwSG91c2UlMjBCb3V0aXF1ZSUyMEhvdGVsJTIyJTIwdGl0bGUlM0QlMjJXb3JsZCUyMEhvdXNlJTIwQm91dGlxdWUlMjBIb3RlbCUyMiUyMHJlbCUzRCUyMm5vb3BlbmVyJTIwbm9yZWZlcnJlciUyMiUyMHN0eWxlJTNEJTIyJTBBJTIwJTIwJTIwJTIwdGV4dC1kZWNvcmF0aW9uJTNBJTIwbm9uZSUzQiUwQSUyMiUzRSUyQjkwJTIwNTQ0JTIwMjkzJTIwNTUlMjAyMCUzQyUyRmElM0UlM0MlMkZsaSUzRSUwOSUwOSUwOSUzQ2xpJTIwY2xhc3MlM0QlMjJzb2hvaG90ZWwtZW1haWwlMjIlMjBzdHlsZSUzRCUyMiUwQSUyMiUzRSUzQ2ElMjBocmVmJTNEJTIybWFpbHRvJTNBaW5mbyU0MHdvcmxkaG91c2ViaC5jb20lMjIlMjB0YXJnZXQlM0QlMjJfYmxhbmslMjIlMjBhbHQlM0QlMjJXb3JsZCUyMEhvdXNlJTIwQm91dGlxdWUlMjBIb3RlbCUyMEUtbWFpbCUyMiUyMHRpdGxlJTNEJTIyV29ybGQlMjBIb3VzZSUyMEJvdXRpcXVlJTIwSG90ZWwlMjBFLW1haWwlMjIlMjByZWwlM0QlMjJub29wZW5lciUyMG5vcmVmZXJyZXIlMjIlMjBzdHlsZSUzRCUyMiUwQSUyMCUyMCUyMCUyMHRleHQtZGVjb3JhdGlvbiUzQSUyMG5vbmUlM0IlMEElMjIlM0VpbmZvJTQwd29ybGRob3VzZWJoLmNvbSUzQyUyRmElM0UlM0MlMkZsaSUzRSUwOSUwOSUzQyUyRnVsJTNF[\/vc_raw_html][\/vc_column][\/vc_row][vc_row][vc_column]<div class=\"sohohotel-title3 sohohotel-title-color\"><h4>Lokasyon Bilgileri<\/h4><\/div>[\/vc_column][\/vc_row][vc_row][vc_column][vc_column_text]World House Boutique Hotel, \u0130stanbul Avrupa Yakas\u0131&#8217;nda, Beyo\u011flu ve Karak\u00f6y semtleri aras\u0131nda son derece elveri\u015fli bir konumda yer almaktad\u0131r.<\/p>\n<h4><strong>Adres ve \u0130leti\u015fim Bilgileri<\/strong><\/h4>\n<p><strong>Adres: <\/strong>World House Boutique Hotel, \u015eahkulu Mah., Galip Dede Cad., No:85\/A 34421 Beyo\u011flu \/ \u0130stanbul<\/p>\n<p><strong>Email:<\/strong> info@worldhousebh.com<\/p>\n<p><strong>Telefon: <\/strong>+90 212 293 55 20<\/p>\n<p><strong>WhatsApp\/Telegram: <\/strong>+90 544 293 55 20<\/p>\n<p>&nbsp;<\/p>\n<h4><strong>Check-in\/Check-out Zaman\u0131<\/strong><\/h4>\n<p>Check-in 14:00 &#8211; Check-out 12:00<\/p>\n<p>&nbsp;<\/p>\n<h4><strong>B\u00f6lge<\/strong><\/h4>\n<p>World House Hotel, \u0130stanbul&#8217;un i\u015f, tarih ve k\u00fclt\u00fcr merkezlerine yak\u0131n, Beyo\u011flu ve Karak\u00f6y semtleri aras\u0131nda, \u015fehrin kalbinde yer almaktad\u0131r.<\/p>\n<p>&nbsp;<\/p>\n<h4><strong>Uluslararas\u0131 Havalimanlar\u0131<\/strong><\/h4>\n<div class=\"page\" title=\"Page 2\">\n<div class=\"section\">\n<div class=\"layoutArea\">\n<div class=\"column\">\n<h5><strong>\u0130stanbul Sabiha G\u00f6k\u00e7en Uluslararas\u0131 Havaliman\u0131<\/strong><\/h5>\n<p>Bu havaalan\u0131 \u0130stanbul Asya Yakas\u0131&#8217;nda yer almaktad\u0131r ve otelimize 45 km uzakl\u0131ktad\u0131r.<\/p>\n<p>&nbsp;<\/p>\n<\/div>\n<\/div>\n<div class=\"layoutArea\">\n<div class=\"column\">\n<div class=\"page\" title=\"Page 2\">\n<div class=\"section\">\n<div class=\"layoutArea\">\n<div class=\"column\">\n<p><strong>Taksi:<\/strong><\/p>\n<p>\u25cf \u0130stanbul&#8217;da sar\u0131 ve turuncu taksiler bulunmaktad\u0131r. Turuncu renkli taksiler havaliman\u0131 taksileridir.<\/p>\n<\/div>\n<\/div>\n<div class=\"layoutArea\">\n<div class=\"column\">\n<p>\u25cf Taksilerde tek bir tarife uygulan\u0131r, gece ve g\u00fcnd\u00fcz ayr\u0131m\u0131 yoktur.<\/p>\n<p>&nbsp;<\/p>\n<\/div>\n<\/div>\n<\/div>\n<\/div>\n<\/div>\n<\/div>\n<\/div>\n<\/div>\n<p><strong>Otob\u00fcs:<\/strong><\/p>\n<p>\u25cf Havabus ve IETT otob\u00fcs hizmetleri ile ula\u015f\u0131m\u0131n\u0131z\u0131 kolayl\u0131kla sa\u011flayabilirsiniz.<\/p>\n<p>&nbsp;<\/p>\n<p><strong>Havaliman\u0131 Transferi:<\/strong><\/p>\n<p>\u25cf Transfer se\u00e7enekleri hakk\u0131nda daha fazla bilgi i\u00e7in +90 212 293 55 20 numaral\u0131 telefondan veya info@worldhousebh.com adresinden Konsiyerj departman\u0131m\u0131zla ileti\u015fime ge\u00e7ebilirsiniz.<\/p>\n<p>&nbsp;<\/p>\n<h5><strong>Istanbul Havaliman\u0131<\/strong><\/h5>\n<p>\u0130stanbul (Yeni) Havaliman\u0131, \u015fehrin Avrupa yakas\u0131n\u0131n kuzeyinde yer almakta olup 45 dakika uzakl\u0131ktad\u0131r.<\/p>\n<p>&nbsp;<\/p>\n<p><strong>Taksi:<\/strong><\/p>\n<div class=\"layoutArea\">\n<div class=\"column\">\n<p>\u25cf \u0130stanbul&#8217;da sar\u0131 ve turuncu taksiler bulunmaktad\u0131r. Turuncu renkli taksiler havaliman\u0131 taksileridir.<\/p>\n<\/div>\n<\/div>\n<div class=\"layoutArea\">\n<div class=\"column\">\n<p>\u25cf Taksilerde tek bir tarife uygulan\u0131r, gece ve g\u00fcnd\u00fcz ayr\u0131m\u0131 yoktur.<\/p>\n<\/div>\n<\/div>\n<p>&nbsp;<\/p>\n<p><strong>Otob\u00fcs:<\/strong><\/p>\n<p>\u25cf Havaist ve IETT otob\u00fcs hizmetleri ile ula\u015f\u0131m\u0131n\u0131z\u0131 kolayl\u0131kla sa\u011flayabilirsiniz.<\/p>\n<p>&nbsp;<\/p>\n<p><strong>Havaliman\u0131 Transferi:<\/strong><\/p>\n<p>\u25cf Transfer se\u00e7enekleri hakk\u0131nda daha fazla bilgi i\u00e7in +90 212 293 55 20 numaral\u0131 telefondan veya info@worldhousebh.com adresinden Konsiyerj departman\u0131m\u0131zla ileti\u015fime ge\u00e7ebilirsiniz.[\/vc_column_text][\/vc_column][\/vc_row]<\/p>\n","protected":false},"excerpt":{"rendered":"<p>[vc_row][vc_column][vc_raw_html]JTNDaWZyYW1lJTIwc3JjJTNEJTIyaHR0cHMlM0ElMkYlMkZ3d3cuZ29vZ2xlLmNvbSUyRm1hcHMlMkZlbWJlZCUzRnBiJTNEJTIxMW0xNCUyMTFtOCUyMTFtMyUyMTFkMTIwMzkuNzcwNTEzNzUyOTclMjEyZDI4Ljk3NDY1OTElMjEzZDQxLjAyNjUxMTElMjEzbTIlMjExaTEwMjQlMjEyaTc2OCUyMTRmMTMuMSUyMTNtMyUyMTFtMiUyMTFzMHgwJTI1M0EweDQyNDUwNDllOGU4ODczYzQlMjEyc1dvcmxkJTI1MjBIb3VzZSUyNTIwQm91dGlxdWUlMjUyMEhvdGVsJTIxNWUwJTIxM20yJTIxMXN0ciUyMTJzdHIlMjE0djE1OTI1OTAwNzMzNDUlMjE1bTIlMjExc3RyJTIxMnN0ciUyMiUyMHdpZHRoJTNEJTIyMTAwJTI1JTIyJTIwaGVpZ2h0JTNEJTIyNDUwJTIyJTIwZnJhbWVib3JkZXIlM0QlMjIwJTIyJTIwc3R5bGUlM0QlMjJib3JkZXIlM0EwJTNCJTIyJTIwYWxsb3dmdWxsc2NyZWVuJTNEJTIyJTIyJTIwYXJpYS1oaWRkZW4lM0QlMjJmYWxzZSUyMiUyMHRhYmluZGV4JTNEJTIyMCUyMiUzRSUzQyUyRmlmcmFtZSUzRQ==[\/vc_raw_html][\/vc_column][\/vc_row][vc_row][vc_column][vc_raw_html]JTNDdWwlMjBjbGFzcyUzRCUyMnNvaG9ob3RlbC1jb250YWN0LXdpZGdldCUyMiUzRSUwQSUwOSUwOSUwOSUzQ2xpJTIwY2xhc3MlM0QlMjJzb2hvaG90ZWwtYWRkcmVzcyUyMiUzRSVDNSU5RWFoa3VsdSUyME1haC4lMkMlMjBHYWxpcCUyMERlZGUlMjBDZC4lMjBObyUzQTg1JTJGQSUyQyUyMDM0NDIxJTIwQmV5byVDNCU5Rmx1JTJGJUM0JUIwc3RhbmJ1bCUzQyUyRmxpJTNFJTA5JTA5JTA5JTNDbGklMjBjbGFzcyUzRCUyMnNvaG9ob3RlbC1waG9uZSUyMiUzRSUzQ2ElMjBocmVmJTNEJTIydGVsJTNBJTJGJTJGJTJCOTAyMTIyOTM1NTIwJTIyJTIwdGFyZ2V0JTNEJTIyX2JsYW5rJTIyJTIwYWx0JTNEJTIyV29ybGQlMjBIb3VzZSUyMEJvdXRpcXVlJTIwSG90ZWwlMjIlMjB0aXRsZSUzRCUyMldvcmxkJTIwSG91c2UlMjBCb3V0aXF1ZSUyMEhvdGVsJTIyJTIwcmVsJTNEJTIybm9vcGVuZXIlMjBub3JlZmVycmVyJTIyJTIwc3R5bGUlM0QlMjIlMEElMjAlMjAlMjAlMjB0ZXh0LWRlY29yYXRpb24lM0ElMjBub25lJTNCJTBBJTIyJTNFJTJCOTAlMjAyMTIlMjAyOTMlMjA1NSUyMDIwJTNDJTJGYSUzRSUzQyUyRmxpJTNFJTA5JTA5JTA5JTNDbGklMjBjbGFzcyUzRCUyMnNvaG9ob3RlbC1jZWxsLXBob25lJTIyJTIwc3R5bGUlM0QlMjIlMEElMjIlM0UlM0NhJTIwaHJlZiUzRCUyMnRlbCUzQSUyRiUyRiUyQjkwNTQ0MjkzNTUyMCUyMiUyMHRhcmdldCUzRCUyMl9ibGFuayUyMiUyMGFsdCUzRCUyMldvcmxkJTIwSG91c2UlMjBCb3V0aXF1ZSUyMEhvdGVsJTIyJTIwdGl0bGUlM0QlMjJXb3JsZCUyMEhvdXNlJTIwQm91dGlxdWUlMjBIb3RlbCUyMiUyMHJlbCUzRCUyMm5vb3BlbmVyJTIwbm9yZWZlcnJlciUyMiUyMHN0eWxlJTNEJTIyJTBBJTIwJTIwJTIwJTIwdGV4dC1kZWNvcmF0aW9uJTNBJTIwbm9uZSUzQiUwQSUyMiUzRSUyQjkwJTIwNTQ0JTIwMjkzJTIwNTUlMjAyMCUzQyUyRmElM0UlM0MlMkZsaSUzRSUwOSUwOSUwOSUzQ2xpJTIwY2xhc3MlM0QlMjJzb2hvaG90ZWwtZW1haWwlMjIlMjBzdHlsZSUzRCUyMiUwQSUyMiUzRSUzQ2ElMjBocmVmJTNEJTIybWFpbHRvJTNBaW5mbyU0MHdvcmxkaG91c2ViaC5jb20lMjIlMjB0YXJnZXQlM0QlMjJfYmxhbmslMjIlMjBhbHQlM0QlMjJXb3JsZCUyMEhvdXNlJTIwQm91dGlxdWUlMjBIb3RlbCUyMEUtbWFpbCUyMiUyMHRpdGxlJTNEJTIyV29ybGQlMjBIb3VzZSUyMEJvdXRpcXVlJTIwSG90ZWwlMjBFLW1haWwlMjIlMjByZWwlM0QlMjJub29wZW5lciUyMG5vcmVmZXJyZXIlMjIlMjBzdHlsZSUzRCUyMiUwQSUyMCUyMCUyMCUyMHRleHQtZGVjb3JhdGlvbiUzQSUyMG5vbmUlM0IlMEElMjIlM0VpbmZvJTQwd29ybGRob3VzZWJoLmNvbSUzQyUyRmElM0UlM0MlMkZsaSUzRSUwOSUwOSUzQyUyRnVsJTNF[\/vc_raw_html][\/vc_column][\/vc_row][vc_row][vc_column][\/vc_column][\/vc_row][vc_row][vc_column][vc_column_text]World House Boutique Hotel, \u0130stanbul Avrupa Yakas\u0131&#8217;nda, Beyo\u011flu ve Karak\u00f6y semtleri aras\u0131nda son derece elveri\u015fli bir konumda yer almaktad\u0131r. Adres ve \u0130leti\u015fim Bilgileri Adres: World House Boutique Hotel, \u015eahkulu Mah., Galip Dede Cad., No:85\/A 34421 Beyo\u011flu \/ \u0130stanbul Email: info@worldhousebh.com Telefon: +90 212 293 55 20 WhatsApp\/Telegram: +90 544 293 55 20 &nbsp; Check-in\/Check-out Zaman\u0131<\/p>\n<a href=\"https:\/\/www.worldhousebh.com\/index.php\/tr\/bizimle-iletisime-gecin\/\" class=\"sohohotel-more-link\">Read More<i class=\"fa fa-angle-right\"><\/i><\/a>","protected":false},"author":1,"featured_media":512,"parent":0,"menu_order":0,"comment_status":"closed","ping_status":"closed","template":"","meta":{"footnotes":""},"class_list":["post-1487","page","type-page","status-publish","has-post-thumbnail","hentry"],"_links":{"self":[{"href":"https:\/\/www.worldhousebh.com\/index.php\/wp-json\/wp\/v2\/pages\/1487","targetHints":{"allow":["GET"]}}],"collection":[{"href":"https:\/\/www.worldhousebh.com\/index.php\/wp-json\/wp\/v2\/pages"}],"about":[{"href":"https:\/\/www.worldhousebh.com\/index.php\/wp-json\/wp\/v2\/types\/page"}],"author":[{"embeddable":true,"href":"https:\/\/www.worldhousebh.com\/index.php\/wp-json\/wp\/v2\/users\/1"}],"replies":[{"embeddable":true,"href":"https:\/\/www.worldhousebh.com\/index.php\/wp-json\/wp\/v2\/comments?post=1487"}],"version-history":[{"count":4,"href":"https:\/\/www.worldhousebh.com\/index.php\/wp-json\/wp\/v2\/pages\/1487\/revisions"}],"predecessor-version":[{"id":1491,"href":"https:\/\/www.worldhousebh.com\/index.php\/wp-json\/wp\/v2\/pages\/1487\/revisions\/1491"}],"wp:featuredmedia":[{"embeddable":true,"href":"https:\/\/www.worldhousebh.com\/index.php\/wp-json\/wp\/v2\/media\/512"}],"wp:attachment":[{"href":"https:\/\/www.worldhousebh.com\/index.php\/wp-json\/wp\/v2\/media?parent=1487"}],"curies":[{"name":"wp","href":"https:\/\/api.w.org\/{rel}","templated":true}]}}