{"id":1425,"date":"2026-03-04T10:29:49","date_gmt":"2026-03-04T10:29:49","guid":{"rendered":"https:\/\/www.worldhousebh.com\/?page_id=1425"},"modified":"2026-03-24T12:56:51","modified_gmt":"2026-03-24T12:56:51","slug":"gezilecek-yerler","status":"publish","type":"page","link":"https:\/\/www.worldhousebh.com\/index.php\/tr\/gezilecek-yerler\/","title":{"rendered":"Gezilecek Yerler"},"content":{"rendered":"<p>[vc_row][vc_column][vc_gallery type=&#8221;image_grid&#8221; images=&#8221;1426&#8243; img_size=&#8221;1200&#215;427&#8243; onclick=&#8221;&#8221; title=&#8221;Galata Kulesi&#8221;][\/vc_column][\/vc_row][vc_row][vc_column][vc_column_text]<\/p>\n<div class=\"page\" title=\"Page 1\">\n<div class=\"layoutArea\">\n<div class=\"column\">\n<p>Galata Kulesi, 1348&#8217;den beri Beyo\u011flu&#8217;nun sil\u00fcetine hakim ve \u015fehrin en iyi panoramik manzaras\u0131n\u0131 sunuyor. Ba\u015flang\u0131\u00e7ta \u0130sa Kulesi olarak adland\u0131r\u0131lan yap\u0131, Ceneviz kolonisi Galata&#8217;n\u0131n \u015fehir surlar\u0131n\u0131n en y\u00fcksek noktas\u0131yd\u0131. Surlar\u0131n \u00e7o\u011fu uzun zaman \u00f6nce y\u0131k\u0131lm\u0131\u015f olsa da, b\u00fcy\u00fck kule hala ayakta. 1960&#8217;lara kadar yang\u0131n g\u00f6zetleme kulesi olarak kullan\u0131lan yap\u0131, \u015fimdilerde \u00fcst katlar\u0131nda ilgin\u00e7 bir restoran-gece kul\u00fcb\u00fc ve panoramik bir balkon bulunduruyor.<\/p>\n<p>World House Boutique Hotel&#8217;e uzakl\u0131k: Y\u00fcr\u00fcyerek 1 dakika. Her g\u00fcn 09:00 &#8211; 19:00 aras\u0131 a\u00e7\u0131k.<\/p>\n<\/div>\n<\/div>\n<\/div>\n<p>[\/vc_column_text][\/vc_column][\/vc_row][vc_row][vc_column][vc_gallery type=&#8221;image_grid&#8221; images=&#8221;1428&#8243; img_size=&#8221;1200&#215;427&#8243; onclick=&#8221;&#8221; title=&#8221;Ayasofya&#8221;][\/vc_column][\/vc_row][vc_row][vc_column][vc_column_text]Ayasofya, 532 y\u0131l\u0131nda in\u015fa edilmi\u015f ve yakla\u015f\u0131k bin y\u0131l boyunca kilise olarak kullan\u0131lm\u0131\u015ft\u0131r. Daha sonra 1453&#8217;ten 1935&#8217;e kadar cami olarak hizmet vermi\u015f, ard\u0131ndan g\u00fcn\u00fcm\u00fczdeki m\u00fcze haline gelmi\u015ftir. Yakla\u015f\u0131k 1000 y\u0131l boyunca d\u00fcnyan\u0131n en b\u00fcy\u00fck kilisesi ve Bizans \u0130mparatorlu\u011fu&#8217;nun ihti\u015fam\u0131 olmu\u015ftur. M\u00fcze, UNESCO D\u00fcnya Miras\u0131 Listesi&#8217;ne dahil edilmi\u015ftir.<\/p>\n<p>World House Boutique Hotel&#8217;e uzakl\u0131k: Tramvayla 10 dakika<\/p>\n<p>Ziyaret Saatleri:<\/p>\n<p>Yaz \u2013 1 Nisan-31 Ekim 09:00 \u2013 19:00 (Pazartesi hari\u00e7)<br \/>\nK\u0131\u015f \u2013 1 Kas\u0131m-31 Mart 09:00-17:00<\/p>\n<p>Biletler yerinde temin edilebilir.[\/vc_column_text][\/vc_column][\/vc_row][vc_row][vc_column][vc_gallery type=&#8221;image_grid&#8221; images=&#8221;1432&#8243; img_size=&#8221;1200&#215;427&#8243; onclick=&#8221;&#8221; title=&#8221;Topkap\u0131 Saray\u0131&#8221;][\/vc_column][\/vc_row][vc_row][vc_column][vc_column_text]\u0130stanbul&#8217;un en g\u00f6r\u00fcn\u00fcr tepesinde yer alan Topkap\u0131 Saray\u0131, \u015fehrin sembol\u00fcd\u00fcr. 1461 y\u0131l\u0131nda Fatih Sultan Mehmet taraf\u0131ndan in\u015fa edilen saray, d\u00f6rt y\u00fczy\u0131l boyunca 22 farkl\u0131 sultan ve ailelerine ev sahipli\u011fi yapm\u0131\u015ft\u0131r. 1924 y\u0131l\u0131nda m\u00fczeye d\u00f6n\u00fc\u015ft\u00fcr\u00fclen saray, \u0130stanbul&#8217;u ziyaret eden her turistin mutlaka g\u00f6rmesi gereken bir yerdir. D\u00f6rt farkl\u0131 avludan olu\u015fan sarayda, hazine, silah koleksiyonu, saat koleksiyonu, kaftanlar, portreler ve peygamberlerin kutsal emanetleri gibi \u00e7e\u015fitli sergiler bulunmaktad\u0131r.<\/p>\n<p>World House Boutique Hotel&#8217;e uzakl\u0131k: Tramvayla 10 dakika<\/p>\n<p>Ziyaret Saatleri:<br \/>\nYaz &#8211; 1 Nisan-2 Ekim 09:00 &#8211; 18:45 (Sal\u0131 hari\u00e7)<br \/>\nK\u0131\u015f &#8211; 2 Ekim-1 Nisan 09:00 &#8211; 16:45<\/p>\n<p>Biletler yerinde ve \u00e7evrimi\u00e7i olarak temin edilebilir.[\/vc_column_text][\/vc_column][\/vc_row][vc_row][vc_column][vc_gallery type=&#8221;image_grid&#8221; images=&#8221;1435&#8243; img_size=&#8221;1200&#215;427&#8243; onclick=&#8221;&#8221; title=&#8221;Sultanahmet Camii&#8221;][\/vc_column][\/vc_row][vc_row][vc_column][vc_column_text]Ayasofya yak\u0131nlar\u0131ndaki bu 17. y\u00fczy\u0131l camisi, duvarlar\u0131n\u0131 s\u00fcsleyen g\u00fczel mavi \u00e7ini i\u015flemeleriyle \u00fcnl\u00fcd\u00fcr. \u00c7evresindeki alt\u0131 ince minare, onu genellikle iki veya d\u00f6rt minaresi olan di\u011fer camilerden ay\u0131r\u0131r. Sultan Ahmed I&#8217;in emriyle mimar Mehmet A\u011fa taraf\u0131ndan yedi y\u0131lda bir kompleks olarak in\u015fa edilmi\u015f ve Sultanahmet Meydan\u0131&#8217;nda \u015fehrin en \u00f6nemli camisi haline gelmi\u015ftir.<\/p>\n<p>World House Boutique Hotel&#8217;e uzakl\u0131k: Tramvayla 10 dakika<\/p>\n<p>Ziyaret Saatleri: 24 Saat A\u00e7\u0131k<\/p>\n<p>Giri\u015f \u00dccreti: \u00dccretsiz[\/vc_column_text][\/vc_column][\/vc_row][vc_row][vc_column][vc_gallery type=&#8221;image_grid&#8221; images=&#8221;1437&#8243; img_size=&#8221;1200&#215;427&#8243; onclick=&#8221;&#8221; title=&#8221;Yerebatan Sarn\u0131c\u0131&#8221;][\/vc_column][\/vc_row][vc_row][vc_column][vc_column_text]Yerebatan Sarn\u0131c\u0131, 532 y\u0131l\u0131nda Justinianus d\u00f6neminde Bizans B\u00fcy\u00fck Saray\u0131&#8217;n\u0131n su deposu olarak kullan\u0131lm\u0131\u015ft\u0131r. Devasa yap\u0131n\u0131n i\u00e7inde birka\u00e7 metre su bulunmaktad\u0131r, ancak ziyaret\u00e7iler i\u00e7in ah\u015fap y\u00fcr\u00fcy\u00fc\u015f yollar\u0131 yap\u0131lm\u0131\u015ft\u0131r. Sarn\u0131c\u0131n tavan\u0131n\u0131 destekleyen 336 s\u00fctun vard\u0131r ve bunlardan baz\u0131lar\u0131 y\u0131k\u0131lm\u0131\u015f tap\u0131naklardan al\u0131nm\u0131\u015ft\u0131r. ,Yap\u0131n\u0131n i\u00e7 k\u0131sm\u0131nda \u00f6zel lo\u015f bir ayd\u0131nlatma vard\u0131r ve \u00fcrk\u00fct\u00fcc\u00fc bir atmosfer yaratmak i\u00e7in klasik m\u00fczik \u00e7al\u0131nmaktad\u0131r.<\/p>\n<p>World House Boutique Hotel&#8217;e uzakl\u0131k: Tramvayla 10 dakika<\/p>\n<p>Ziyaret Saatleri: 09.00 &#8211; 18.30<\/p>\n<p>Biletler yerinde ve \u00e7evrimi\u00e7i olarak temin edilebilir.[\/vc_column_text][\/vc_column][\/vc_row][vc_row][vc_column][vc_gallery type=&#8221;image_grid&#8221; images=&#8221;1439&#8243; img_size=&#8221;1200&#215;427&#8243; onclick=&#8221;&#8221; title=&#8221;Kapal\u0131 \u00c7ar\u015f\u0131&#8221;][\/vc_column][\/vc_row][vc_row][vc_column][vc_column_text]Kapal\u0131 \u00c7ar\u015f\u0131, 58&#8217;den fazla kapal\u0131 soka\u011f\u0131 ve 1200&#8217;den fazla d\u00fckkan\u0131yla d\u00fcnyan\u0131n en b\u00fcy\u00fck ve en eski kapal\u0131 \u00e7ar\u015f\u0131lar\u0131ndan biridir ve g\u00fcnl\u00fck 400.000 ziyaret\u00e7i \u00e7ekmektedir. 1461 y\u0131l\u0131nda a\u00e7\u0131lan \u00e7ar\u015f\u0131, m\u00fccevher, seramik, baharat ve hal\u0131 d\u00fckkanlar\u0131yla \u00fcnl\u00fcd\u00fcr. \u00c7ar\u015f\u0131daki tezgahlar\u0131n \u00e7o\u011fu, deri ceketler ve alt\u0131n tak\u0131lar i\u00e7in \u00f6zel alanlar da dahil olmak \u00fczere, mal t\u00fcr\u00fcne g\u00f6re grupland\u0131r\u0131lm\u0131\u015ft\u0131r. \u00c7ar\u015f\u0131da iki bedesten bulunmaktad\u0131r; ilki 1455 y\u0131l\u0131nda Sultan Fatih Sultan Mehmed taraf\u0131ndan in\u015fa edilmi\u015ftir. \u00c7ar\u015f\u0131, 16. y\u00fczy\u0131lda Kanuni Sultan S\u00fcleyman d\u00f6neminde b\u00fcy\u00fck \u00f6l\u00e7\u00fcde geni\u015fletilmi\u015f ve 1894 y\u0131l\u0131nda bir depremin ard\u0131ndan b\u00fcy\u00fck bir restorasyondan ge\u00e7mi\u015ftir.<\/p>\n<p>World House Boutique Hotel&#8217;e uzakl\u0131k: Tramvayla 10 dakika<\/p>\n<p>Ziyaret Saatleri: Pazar g\u00fcnleri hari\u00e7 09.00 \u2013 19.00[\/vc_column_text][\/vc_column][\/vc_row][vc_row][vc_column][vc_gallery type=&#8221;image_grid&#8221; images=&#8221;1441&#8243; img_size=&#8221;1200&#215;427&#8243; onclick=&#8221;&#8221; title=&#8221;M\u0131s\u0131r \u00c7ar\u015f\u0131s\u0131&#8221;][\/vc_column][\/vc_row][vc_row][vc_column][vc_column_text]\u0130stanbul&#8217;un en b\u00fcy\u00fck ve en \u00fcnl\u00fc \u00e7ar\u015f\u0131s\u0131 Kapal\u0131 \u00c7ar\u015f\u0131. M\u0131s\u0131r \u00c7ar\u015f\u0131s\u0131 ise en renkli, en g\u00fczel kokulu ve genellikle en e\u011flenceli olan tarihi \u00e7ar\u015f\u0131 olma \u00f6zelli\u011fini ta\u015f\u0131yor; ziyaret\u00e7iler burada sunulan \u00fcr\u00fcnleri tadabiliyor.<\/p>\n<p>Baharat \u00c7ar\u015f\u0131s\u0131, 1660 y\u0131l\u0131nda o zamanlar hareketli bir sanayi liman\u0131 olan Emin\u00f6n\u00fc&#8217;n\u00fcn yan\u0131na in\u015fa edilmi\u015ftir. \u00dcr\u00fcnler Osmanl\u0131 topraklar\u0131n\u0131n i\u00e7inden ve d\u0131\u015f\u0131ndan her yere sevk ediliyordu. M\u0131s\u0131r anlam\u0131na gelen bu isim, \u00e7ar\u015f\u0131n\u0131n M\u0131s\u0131r&#8217;dan gelen vergilerle in\u015fa edilmesinden dolay\u0131 se\u00e7ilmi\u015ftir.<\/p>\n<p>World House Boutique Hotel&#8217;e uzakl\u0131k: Y\u00fcr\u00fcyerek 10-15 dakika<\/p>\n<p>Ziyaret Saatleri: Pazar g\u00fcnleri hari\u00e7 09.00 \u2013 19.00[\/vc_column_text][\/vc_column][\/vc_row][vc_row][vc_column][vc_gallery type=&#8221;image_grid&#8221; images=&#8221;1452&#8243; img_size=&#8221;1200&#215;427&#8243; onclick=&#8221;&#8221; title=&#8221;Dolmabah\u00e7e Saray\u0131 ve M\u00fczesi&#8221;][\/vc_column][\/vc_row][vc_row][vc_column][vc_column_text]Dolmabah\u00e7e Saray\u0131, 1856&#8217;dan 1924&#8217;e kadar son alt\u0131 sultana ev sahipli\u011fi yapm\u0131\u015ft\u0131r. Burada ya\u015fayan son kraliyet mensubu Abd\u00fclmecid Efendi&#8217;dir. 3 Mart 1924&#8217;te y\u00fcr\u00fcrl\u00fc\u011fe giren bir kanunla saray\u0131n m\u00fclkiyeti yeni T\u00fcrkiye Cumhuriyeti&#8217;nin milli miras\u0131na devredilmi\u015ftir.<\/p>\n<p>T\u00fcrkiye Cumhuriyeti&#8217;nin kurucusu ve ilk Cumhurba\u015fkan\u0131 Mustafa Kemal Atat\u00fcrk, yaz aylar\u0131nda saray\u0131 cumhurba\u015fkanl\u0131\u011f\u0131 konutu olarak kullanm\u0131\u015f ve en \u00f6nemli \u00e7al\u0131\u015fmalar\u0131ndan baz\u0131lar\u0131n\u0131 burada hayata ge\u00e7irmi\u015ftir. Atat\u00fcrk, t\u0131bbi tedavisinin son g\u00fcnlerini bu sarayda ge\u00e7irmi\u015f ve 10 Kas\u0131m 1938&#8217;de burada vefat etmi\u015ftir.<\/p>\n<p>World House Boutique Hotel&#8217;e uzakl\u0131k: Taksiyle 10 dakika<\/p>\n<p>Ziyaret Saatleri: Pazartesi hari\u00e7 her g\u00fcn 09:00-16:00<\/p>\n<p>Biletler yerinde ve \u00e7evrimi\u00e7i olarak temin edilebilir.[\/vc_column_text][\/vc_column][\/vc_row][vc_row][vc_column][vc_gallery type=&#8221;image_grid&#8221; images=&#8221;1454&#8243; img_size=&#8221;1200&#215;427&#8243; onclick=&#8221;&#8221; title=&#8221;K\u0131z Kulesi&#8221;][\/vc_column][\/vc_row][vc_row][vc_column][vc_column_text]K\u0131z Kulesi, antik Atinal\u0131 general Alkibiades taraf\u0131ndan M\u00d6 408 y\u0131l\u0131nda Bo\u011faz&#8217;daki Pers gemilerinin hareketlerini kontrol etmek amac\u0131yla in\u015fa edilmi\u015ftir. O zamanlar kule, antik Byzantion ve Chrysopolis \u015fehirleri aras\u0131nda yer al\u0131yordu. Y\u00fczy\u0131llarca deniz feneri olarak kullan\u0131lan kulenin i\u00e7i, eski Roma, Bizans ve Osmanl\u0131 ba\u015fkentinin m\u00fckemmel manzaras\u0131na sahip pop\u00fcler bir kafe ve restorana d\u00f6n\u00fc\u015ft\u00fcr\u00fclm\u00fc\u015ft\u00fcr. \u00d6zel tekneler g\u00fcnde birka\u00e7 kez kuleye sefer d\u00fczenlemektedir.<\/p>\n<p>World House Boutique Hotel&#8217;e uzakl\u0131k: Tramvayla 5 dakika ve hafta sonlar\u0131 tekneyle 5 dakika.<\/p>\n<p>Kafe ve Restoran her g\u00fcn 09:00-00:30 saatleri aras\u0131nda a\u00e7\u0131kt\u0131r.[\/vc_column_text][\/vc_column][\/vc_row][vc_row][vc_column][vc_gallery type=&#8221;image_grid&#8221; images=&#8221;1457&#8243; img_size=&#8221;1200&#215;427&#8243; onclick=&#8221;&#8221; title=&#8221;Ca\u011falo\u011flu T\u00fcrk Hamam\u0131&#8221;][\/vc_column][\/vc_row][vc_row][vc_column][vc_column_text]\u00c7a\u011falo\u011flu Hamam\u0131, 1741 y\u0131l\u0131nda in\u015fa edilmi\u015ftir. \u0130stanbul&#8217;da t\u00fcr\u00fcn\u00fcn son \u00f6rne\u011fi olan bu hamam, g\u00fcn\u00fcm\u00fczde de ba\u015far\u0131yla hizmet vermektedir. 300 y\u0131ll\u0131k \u00c7a\u011falo\u011flu Hamam\u0131, y\u0131llar boyunca film y\u0131ld\u0131zlar\u0131na, d\u00fcnya liderlerine, yazarlara, kamu ikonlar\u0131na ve \u00fcnl\u00fc ziyaret\u00e7ilere hizmet vermi\u015ftir. Atat\u00fcrk, Harrison Ford, Chevy Chase, John Travolta, Camern Diaz, Florence Nightingale, \u00d6mer \u015eerif, Tony Curtis, Kate Moss bunlardan sadece birka\u00e7\u0131d\u0131r.<\/p>\n<p>World House Boutique Hotel&#8217;e uzakl\u0131k: Tramvayla 10 dakika<\/p>\n<p>Ziyaret Saatleri: 09:00-21:00[\/vc_column_text][\/vc_column][\/vc_row][vc_row][vc_column][vc_gallery type=&#8221;image_grid&#8221; images=&#8221;1460&#8243; img_size=&#8221;1200&#215;427&#8243; onclick=&#8221;&#8221; title=&#8221;\u0130stanbul Modern&#8221;][\/vc_column][\/vc_row][vc_row][vc_column][vc_column_text]T\u00fcrkiye&#8217;nin ilk modern ve \u00e7a\u011fda\u015f sanat m\u00fczesi olan \u0130stanbul Modern, \u00fclkemizin sanatsal miras\u0131n\u0131n k\u00fcresel \u00f6l\u00e7ekte payla\u015f\u0131lmas\u0131na ve aktar\u0131lmas\u0131na arac\u0131l\u0131k ederek, \u0130stanbul&#8217;da \u00e7e\u015fitli co\u011frafyalardan sanatsal \u00fcretimleri bir araya getiriyor.<\/p>\n<p>Sanatsal ifadelerin \u00e7e\u015fitlili\u011fini destekleme vizyonuyla, sanat eserlerini topluyor, koruyor, sergiliyor, ara\u015ft\u0131r\u0131yor ve belgeliyor. Disiplinleraras\u0131 sergiler, e\u011fitim programlar\u0131 ve etkinlikler arac\u0131l\u0131\u011f\u0131yla sanata eri\u015fimi art\u0131rmak i\u00e7in \u00e7al\u0131\u015f\u0131yor ve sanat\u00e7\u0131lar\u0131n \u00fcretimlerine ve uluslararas\u0131 i\u015f birliklerine katk\u0131da bulunuyor.<\/p>\n<p>M\u00fcze, s\u00fcrd\u00fcr\u00fclebilir bir sanat ekosistemi olu\u015fturmak i\u00e7in kapsay\u0131c\u0131l\u0131\u011f\u0131 ve yarat\u0131c\u0131l\u0131\u011f\u0131 destekliyor. Her ya\u015ftan ve her kesimden izleyici i\u00e7in modern ve \u00e7a\u011fda\u015f sanatla bir diyalog geli\u015ftirerek, insanlar\u0131n birlikte merak etmelerini ve d\u00fc\u015f\u00fcnmelerini te\u015fvik ediyor.<\/p>\n<p>Uluslararas\u0131 odakl\u0131 programlar, teknolojik geli\u015fmelerden yararlanarak sanat\u00e7\u0131lar ve izleyiciler aras\u0131ndaki etkile\u015fimi g\u00fc\u00e7lendiriyor ve \u00e7ok y\u00f6nl\u00fc bir m\u00fcze deneyimi sa\u011fl\u0131yor.<\/p>\n<p>World House Boutique Hotel&#8217;e uzakl\u0131k: Y\u00fcr\u00fcyerek 10 dakika<\/p>\n<p>Ziyaret Saatleri:<\/p>\n<p>Sal\u0131, \u00c7ar\u015famba, Per\u015fembe, Cumartesi, Pazar<br \/>\n10.00\u201318.00<\/p>\n<p>Cuma, 10.00\u201320.00<\/p>\n<p>Pazartesi<br \/>\nKapal\u0131<\/p>\n<p>Biletler yerinde temin edilebilir.[\/vc_column_text][\/vc_column][\/vc_row][vc_row][vc_column][vc_gallery type=&#8221;image_grid&#8221; images=&#8221;1462&#8243; img_size=&#8221;1200&#215;427&#8243; onclick=&#8221;&#8221; title=&#8221;Pera M\u00fczesi&#8221;][\/vc_column][\/vc_row][vc_row][vc_column][vc_column_text]Tarihi eserler, geleneksel sanatlar, \u00f6nemli tablolar ve modern sanat\u0131n b\u00fcy\u00fcleyici bir kar\u0131\u015f\u0131m\u0131n\u0131, mimar Achille Manoussos taraf\u0131ndan tasarlanan, bir zamanlar tarihi Bristol Oteli olan g\u00f6rkemli 19. y\u00fczy\u0131l binas\u0131nda bulunan \u00f6zel bir m\u00fcze olan muhte\u015fem Pera M\u00fczesi&#8217;nde bulabilirsiniz. M\u00fcze, biti\u015fi\u011findeki \u0130stanbul Ara\u015ft\u0131rma Enstit\u00fcs\u00fc&#8217;n\u00fc de i\u015fleten Suna ve \u0130nan K\u0131ra\u00e7 Vakf\u0131 taraf\u0131ndan kurulmu\u015ftur.<\/p>\n<p>World House Boutique Hotel&#8217;e uzakl\u0131k: Y\u00fcr\u00fcyerek 10 dakika<\/p>\n<p>Ziyaret Saatleri: Pazartesi hari\u00e7 10.00-18.00 (Cuma 22.00&#8217;ye kadar)<\/p>\n<p>Biletler yerinde sat\u0131lmaktad\u0131r.[\/vc_column_text][\/vc_column][\/vc_row][vc_row][vc_column][vc_gallery type=&#8221;image_grid&#8221; images=&#8221;1465&#8243; img_size=&#8221;1200&#215;427&#8243; onclick=&#8221;&#8221; title=&#8221;\u0130stanbul Arkeoloji M\u00fczesi&#8221;][\/vc_column][\/vc_row][vc_row][vc_column][vc_column_text]K\u00fclt\u00fcr ve Turizm Bakanl\u0131\u011f\u0131&#8217;na ba\u011fl\u0131 \u0130stanbul Arkeoloji M\u00fczeleri, \u0130stanbul&#8217;un Sultanahmet semtinde, G\u00fclhane Park\u0131 ile Topkap\u0131 Saray\u0131&#8217;n\u0131 birbirine ba\u011flayan Osman Hamdi Bey yamac\u0131nda yer almaktad\u0131r. Ayn\u0131 y\u00f6netim alt\u0131nda \u00fc\u00e7 farkl\u0131 m\u00fcze bulundu\u011fu i\u00e7in ad\u0131 \u00e7o\u011fuldur: Arkeoloji M\u00fczesi, Eski \u015eark Eserleri M\u00fczesi ve \u00c7ini K\u00f6\u015fk M\u00fczesi. D\u00fcnyada \u00f6zel olarak m\u00fcze olarak in\u015fa edilmi\u015f az say\u0131daki binalardan biri olan yap\u0131, kil e\u015fyalardan sikkelere ve devasa lahitlere kadar \u00e7ok \u00e7e\u015fitli antik eserlere ev sahipli\u011fi yapmaktad\u0131r.<\/p>\n<p>World House Boutique Hotel&#8217;e uzakl\u0131k: Tramvayla 10 dakika<\/p>\n<p>Ziyaret Saatleri:<\/p>\n<p>Yaz &#8211; 1 Nisan &#8211; 29 Eyl\u00fcl 09:00 &#8211; 20:00<\/p>\n<p>(K\u0131\u015f hari\u00e7 &#8211; 1 Ekim &#8211; 31 Nisan Pazartesi g\u00fcnleri 09:00 &#8211; 18:00)<\/p>\n<p>Biletler yerinde temin edilebilir.[\/vc_column_text][\/vc_column][\/vc_row][vc_row][vc_column][vc_gallery type=&#8221;image_grid&#8221; images=&#8221;1466&#8243; img_size=&#8221;1200&#215;427&#8243; onclick=&#8221;&#8221; title=&#8221;Beylerbeyi Saray\u0131&#8221;][\/vc_column][\/vc_row][vc_row][vc_column][vc_column_text]Beylerbeyi Saray\u0131, 1865 y\u0131l\u0131nda yazl\u0131k konut ve ziyaret eden devlet ba\u015fkanlar\u0131n\u0131 a\u011f\u0131rlamak i\u00e7in in\u015fa edilmi\u015ftir. Fransa \u0130mparatori\u00e7esi Eug\u00e9nie, 1869&#8217;da S\u00fcvey\u015f Kanal\u0131&#8217;n\u0131n a\u00e7\u0131l\u0131\u015f\u0131na giderken Beylerbeyi&#8217;yi ziyaret etmi\u015f ve Abd\u00fclaziz&#8217;in kolunda saraya girmeye cesaret etti\u011fi i\u00e7in sultan\u0131n annesi taraf\u0131ndan tokatlanm\u0131\u015ft\u0131r. Saray\u0131 ziyaret eden di\u011fer kraliyet mensuplar\u0131 aras\u0131nda Windsor D\u00fck\u00fc ve D\u00fc\u015fesi de bulunmaktad\u0131r. Saray, tahttan indirilen Sultan II. Abd\u00fclhamid&#8217;in 1912&#8217;den 1918&#8217;deki \u00f6l\u00fcm\u00fcne kadar son esaret yeri olmu\u015ftur.<\/p>\n<p>World House Boutique Hotel&#8217;e uzakl\u0131k: Taksiyle 40 dakika<\/p>\n<p>Ziyaret Saatleri: Pazartesi hari\u00e7 her g\u00fcn 09:00-16:00<\/p>\n<p>Biletler yerinde sat\u0131lmaktad\u0131r.[\/vc_column_text][\/vc_column][\/vc_row][vc_row][vc_column][vc_gallery type=&#8221;image_grid&#8221; images=&#8221;1471&#8243; img_size=&#8221;1200&#215;427&#8243; onclick=&#8221;&#8221; title=&#8221;Kariye M\u00fczesi&#8221;][\/vc_column][\/vc_row][vc_row][vc_column][vc_column_text]Kariye, Bizans kiliselerinin en g\u00fczel \u00f6rneklerinden biri olarak kabul edilir. Kilise, \u0130stanbul&#8217;un bat\u0131s\u0131nda, Edirnekap\u0131 semtinde yer almaktad\u0131r. 16. y\u00fczy\u0131lda Osmanl\u0131 h\u00fck\u00fcmdarlar\u0131 taraf\u0131ndan camiye \u00e7evrilmi\u015f ve 1948 y\u0131l\u0131nda laik bir m\u00fcze haline getirilmi\u015ftir. Binan\u0131n i\u00e7i ince mozaikler ve fresklerle kapl\u0131d\u0131r.<\/p>\n<p>World House Boutique Hotel&#8217;e uzakl\u0131k: Taksiyle 10-15 dakika<\/p>\n<p>Ziyaret Saatleri: Yaz &#8211; 1 Nisan &#8211; 31 Ekim 09:00 &#8211; 19:00<\/p>\n<p>(K\u0131\u015f hari\u00e7 &#8211; 1 Kas\u0131m &#8211; 31 Mart Pazartesi g\u00fcnleri 09:00 &#8211; 17:00)<\/p>\n<p>Biletler yerinde temin edilebilir.[\/vc_column_text][\/vc_column][\/vc_row][vc_row][vc_column][vc_gallery type=&#8221;image_grid&#8221; images=&#8221;1472&#8243; img_size=&#8221;1200&#215;427&#8243; onclick=&#8221;&#8221; title=&#8221;Rahmi Ko\u00e7 M\u00fczesi&#8221;][\/vc_column][\/vc_row][vc_row][vc_column][vc_column_text]\u0130stanbul&#8217;da, tarihi Hali\u00e7&#8217;in kuzey yakas\u0131nda yer alan m\u00fcze, ula\u015f\u0131m, sanayi ve ileti\u015fim tarihine adanm\u0131\u015ft\u0131r. M\u00fczede, tam boyutlu gemiler, eski u\u00e7aklar, buhar motorlar\u0131, denizalt\u0131lar, tar\u0131m makineleri ve \u0130stanbul&#8217;un sanayi ge\u00e7mi\u015finden bir\u00e7ok eser bulunmaktad\u0131r. M\u00fczedeki eklektik sergiler, \u00f6zellikle \u00e7ocuklar aras\u0131nda olduk\u00e7a pop\u00fclerdir; klasik bir arabaya oturma, 1936 model bir buharl\u0131 r\u00f6mork\u00f6rle gezinti yapma, 1944 model bir ABD denizalt\u0131s\u0131na binme ve daha bir\u00e7ok f\u0131rsat sunmaktad\u0131r.<\/p>\n<p>World House Boutique Hotel&#8217;e uzakl\u0131k: Taksiyle 10 dakika<\/p>\n<p>Ziyaret Saatleri: Yaz &#8211; 1 Nisan &#8211; 30 Eyl\u00fcl 10:00 &#8211; 19:00<\/p>\n<p>(K\u0131\u015f &#8211; 1 Ekim &#8211; 1 Nisan Pazartesi g\u00fcnleri 10:00 &#8211; 17:00 hari\u00e7)[\/vc_column_text][\/vc_column][\/vc_row][vc_row][vc_column][vc_gallery type=&#8221;image_grid&#8221; images=&#8221;1473&#8243; img_size=&#8221;1200&#215;427&#8243; onclick=&#8221;&#8221; title=&#8221;prens Adalar\u0131&#8221;][\/vc_column][\/vc_row][vc_row][vc_column][vc_column_text]Prens Adalar\u0131, \u0130stanbul&#8217;un Asya yakas\u0131 a\u00e7\u0131klar\u0131nda, Marmara Denizi&#8217;nde bulunan dokuz adadan olu\u015fmaktad\u0131r. Kabata\u015f ve Bostanc\u0131 il\u00e7elerinden adalardan d\u00f6rd\u00fcne d\u00fczenli yolcu feribotlar\u0131 ve h\u0131zl\u0131 yolcu feribotlar\u0131 (deniz otob\u00fcs\u00fc) seferleri d\u00fczenlenmektedir. Adalarda, yerel belediyeye ait kamu i\u015fleri ara\u00e7lar\u0131 d\u0131\u015f\u0131nda motorlu ara\u00e7lara izin verilmemektedir; bu nedenle insanlar y\u00fcr\u00fcyerek, bisikletle, at arabas\u0131yla veya e\u015fekle seyahat etmektedir. Bunlar, yerel halk\u0131n yazl\u0131k evlerinin bulundu\u011fu, k\u00fc\u00e7\u00fck plajlarda piknik yapt\u0131\u011f\u0131 veya hafta sonlar\u0131 sadece dola\u015fmak i\u00e7in gitti\u011fi g\u00fczel k\u00fc\u00e7\u00fck adalard\u0131r. Bu d\u00f6rt ada T\u00fcrk\u00e7ede genel olarak Adalar olarak bilinir ve isimleri B\u00fcy\u00fckada, Heybeliada, Burgazada ve K\u0131nal\u0131ada&#8217;d\u0131r. Di\u011ferleri kadar pop\u00fcler olmayan ve \u00fczerinde \u00e7ok k\u00fc\u00e7\u00fck bir yerle\u015fim yeri bulunan Sedefadas\u0131 da vard\u0131r. Hay\u0131rs\u0131zada, Sivriada ve Yassiada&#8217;da yerle\u015fim yeri yoktur; Kasikada ise \u00f6zel bir adad\u0131r. Adalar\u0131n isimleri, prens ve imparatori\u00e7elerin s\u00fcrg\u00fcn edildi\u011fi Bizans d\u00f6neminden gelmektedir. Ancak Osmanl\u0131 d\u00f6neminde, \u00f6zellikle 19. y\u00fczy\u0131lda buharl\u0131 gemilerin kullan\u0131m\u0131yla birlikte, bu adalar \u0130stanbul&#8217;un zenginlerinin pop\u00fcler tatil yerleri haline geldi ve burada ah\u015fap evler in\u015fa ettiler. Adalar\u0131n sakinlerinin b\u00fcy\u00fck bir b\u00f6l\u00fcm\u00fcn\u00fc Yahudi, Rum ve Ermeni topluluklar\u0131 olu\u015fturuyordu. Bug\u00fcn adalar, \u00f6zellikle yaz aylar\u0131nda g\u00fcnl\u00fck geziler i\u00e7in pop\u00fcler turistik yerlerdir. Viktorya tarz\u0131 eski ah\u015fap konaklar\u0131n yan\u0131 s\u0131ra, adalarda bir\u00e7ok manast\u0131r ve tarihi bina da bulunmaktad\u0131r.[\/vc_column_text][\/vc_column][\/vc_row]<\/p>\n","protected":false},"excerpt":{"rendered":"<p>[vc_row][vc_column][vc_gallery type=&#8221;image_grid&#8221; images=&#8221;1426&#8243; img_size=&#8221;1200&#215;427&#8243; onclick=&#8221;&#8221; title=&#8221;Galata Kulesi&#8221;][\/vc_column][\/vc_row][vc_row][vc_column][vc_column_text] Galata Kulesi, 1348&#8217;den beri Beyo\u011flu&#8217;nun sil\u00fcetine hakim ve \u015fehrin en iyi panoramik manzaras\u0131n\u0131 sunuyor. Ba\u015flang\u0131\u00e7ta \u0130sa Kulesi olarak adland\u0131r\u0131lan yap\u0131, Ceneviz kolonisi Galata&#8217;n\u0131n \u015fehir surlar\u0131n\u0131n en y\u00fcksek noktas\u0131yd\u0131. Surlar\u0131n \u00e7o\u011fu uzun zaman \u00f6nce y\u0131k\u0131lm\u0131\u015f olsa da, b\u00fcy\u00fck kule hala ayakta. 1960&#8217;lara kadar yang\u0131n g\u00f6zetleme kulesi olarak kullan\u0131lan yap\u0131,<\/p>\n<a href=\"https:\/\/www.worldhousebh.com\/index.php\/tr\/gezilecek-yerler\/\" class=\"sohohotel-more-link\">Read More<i class=\"fa fa-angle-right\"><\/i><\/a>","protected":false},"author":1,"featured_media":1133,"parent":0,"menu_order":0,"comment_status":"closed","ping_status":"closed","template":"","meta":{"footnotes":""},"class_list":["post-1425","page","type-page","status-publish","has-post-thumbnail","hentry"],"_links":{"self":[{"href":"https:\/\/www.worldhousebh.com\/index.php\/wp-json\/wp\/v2\/pages\/1425","targetHints":{"allow":["GET"]}}],"collection":[{"href":"https:\/\/www.worldhousebh.com\/index.php\/wp-json\/wp\/v2\/pages"}],"about":[{"href":"https:\/\/www.worldhousebh.com\/index.php\/wp-json\/wp\/v2\/types\/page"}],"author":[{"embeddable":true,"href":"https:\/\/www.worldhousebh.com\/index.php\/wp-json\/wp\/v2\/users\/1"}],"replies":[{"embeddable":true,"href":"https:\/\/www.worldhousebh.com\/index.php\/wp-json\/wp\/v2\/comments?post=1425"}],"version-history":[{"count":16,"href":"https:\/\/www.worldhousebh.com\/index.php\/wp-json\/wp\/v2\/pages\/1425\/revisions"}],"predecessor-version":[{"id":1469,"href":"https:\/\/www.worldhousebh.com\/index.php\/wp-json\/wp\/v2\/pages\/1425\/revisions\/1469"}],"wp:featuredmedia":[{"embeddable":true,"href":"https:\/\/www.worldhousebh.com\/index.php\/wp-json\/wp\/v2\/media\/1133"}],"wp:attachment":[{"href":"https:\/\/www.worldhousebh.com\/index.php\/wp-json\/wp\/v2\/media?parent=1425"}],"curies":[{"name":"wp","href":"https:\/\/api.w.org\/{rel}","templated":true}]}}