{"id":1147,"date":"2020-07-12T11:52:18","date_gmt":"2020-07-12T11:52:18","guid":{"rendered":"https:\/\/www.worldhousebh.com\/?page_id=1147"},"modified":"2024-11-22T14:34:47","modified_gmt":"2024-11-22T14:34:47","slug":"mesafelisatissozlesmesi","status":"publish","type":"page","link":"https:\/\/www.worldhousebh.com\/index.php\/mesafelisatissozlesmesi\/","title":{"rendered":"Mesafeli Sat\u0131\u015f S\u00f6zle\u015fmesi"},"content":{"rendered":"<p>[vc_row css=&#8221;.vc_custom_1594555398313{margin-bottom: 50px !important;}&#8221;][vc_column]<div class=\"sohohotel-title2 sohohotel-title-color\"><h3>MADDE 1: TARAFLAR<\/h3><\/div>[vc_column_text]<\/p>\n<p style=\"text-align: left;\">Bir tarafta adresi \u015eahkulu Mah. Galip Dede Cad. NO: 85\/A BEYOGLU\/ ISTANBUL TURIZM B\u0130L\u0130\u015e\u0130M H\u0130ZM. ORG. VE GIDA T\u0130C. VE SAN.VE TIC.\u015eT\u0130 (Bu s\u00f6zle\u015fmede k\u0131saca \u201cWorld House Boutique Hotel\u201d diye an\u0131lacakt\u0131r.) di\u011fer tarafta a\u015fa\u011f\u0131da bilgileri yer alan t\u00fcketici(ler) aras\u0131nda rezervasyon ve konaklama hizmetine ili\u015fkin olarak a\u015fa\u011f\u0131daki \u015fartlar \u00e7er\u00e7evesinde Konaklama Sat\u0131\u015f S\u00f6zle\u015fmesi d\u00fczenlenmi\u015ftir.<\/p>\n<p>[\/vc_column_text]<div class=\"sohohotel-title2 sohohotel-title-color\"><h3>MADDE 2: KONU<\/h3><\/div>[vc_column_text]<\/p>\n<p style=\"text-align: left;\">\u0130\u015f bu s\u00f6zle\u015fmenin konusu; World House Boutique Hotel\u2019in, t\u00fcketiciye <a href=\"https:\/\/worldhousebh.com\">https:\/\/worldhousebh.com<\/a> internet sitesinden elektronik ortamda sat\u0131\u015f\u0131n\u0131 yapt\u0131\u011f\u0131, a\u015fa\u011f\u0131da nitelikleri, sat\u0131\u015f fiyat\u0131 ve ko\u015fullar\u0131 belirtilen Otel Konaklama Sat\u0131\u015f hizmeti ile ilgili olarak 6502 Say\u0131l\u0131 T\u00fcketicinin Korunmas\u0131 Hakk\u0131nda Kanun ve Mesafeli S\u00f6zle\u015fmeler Y\u00f6netmeli\u011fi h\u00fck\u00fcmleri gere\u011fince, taraflar\u0131n kar\u015f\u0131l\u0131kl\u0131 hak ve y\u00fck\u00fcml\u00fcl\u00fcklerini kapsamaktad\u0131r.<\/p>\n<p>[\/vc_column_text]<div class=\"sohohotel-title2 sohohotel-title-color\"><h3>MADDE 3: S\u00d6ZLE\u015eME BEDEL\u0130 VE \u00d6DEME KO\u015eULLARI<\/h3><\/div>[vc_column_text]3.1. T\u00fcketici, S\u00f6zle\u015fme bedelini, kredi kart\u0131 ile World House Boutique Hotel\u2019e ait site \u00fczerinden ya da World House Boutique Hotel\u2019in belirtmi\u015f oldu\u011fu banka hesaplar\u0131na EFT\/havale yolu ile \u00f6deyecektir.<\/p>\n<p>3.2. Konaklama ile ilgili internet tan\u0131t\u0131m sayfas\u0131nda ve Rezervasyon Belgesi\u2019nde \u00fccrete dahil olan t\u00fcm hizmetler ayr\u0131nt\u0131l\u0131 olarak belirtilmi\u015f olup, bunlar\u0131n d\u0131\u015f\u0131ndaki hizmetler ekstra \u00fccrete t\u00e2bidir. \u00d6zellikle, sat\u0131n al\u0131nan hizmete; t\u00fcketicinin, konaklamaya dahil hizmetler d\u0131\u015f\u0131nda alaca\u011f\u0131 ekstra yiyecek-i\u00e7ecek, ki\u015fisel harcamalar, ula\u015f\u0131m, kapsam d\u0131\u015f\u0131 t\u00fcm mal ve hizmetlerin bedeli dahil de\u011fildir.<\/p>\n<p>3.3. T\u00fcketici, kay\u0131t an\u0131nda s\u00f6zle\u015fme bedelinin en az %50\u2019sini \u00f6n \u00f6deme olarak, bakiyesini ise hizmetin ba\u015flamas\u0131ndan en ge\u00e7 15 g\u00fcn \u00f6nce; otele giri\u015f tarihi 7 g\u00fcn ve daha az ise rezervasyon an\u0131nda; erken rezervasyonlu, promosyonlu ve \u00f6zel \u00fcr\u00fcnl\u00fc konaklama sat\u0131\u015flar\u0131nda ise s\u00f6zle\u015fme bedelinin tamam\u0131n\u0131 rezervasyon tarihinde \u00f6demekle y\u00fck\u00fcml\u00fcd\u00fcr. An\u0131lan s\u00fcreler i\u00e7inde belirtilen \u00f6demelerin ger\u00e7ekle\u015ftirilememesi halinde yap\u0131lan rezervasyon iptal edilerek hizmet bedelinin tamam\u0131 cayma tazminat\u0131 olarak T\u00fcketiciye fatura edilir. Ayr\u0131ca, \u00f6n \u00f6deme olarak al\u0131nan bedel, g\u00fcvence tutar\u0131 olarak al\u0131nd\u0131\u011f\u0131ndan iadesi s\u00f6z konusu de\u011fildir.<\/p>\n<p>3.4. T\u00fcketici, kredi kartl\u0131 \u00f6demelerde s\u00f6zle\u015fme bedeline ilave olarak ayr\u0131ca, World House Boutique Hotel taraf\u0131ndan hesaplanacak ve bildirilecek olan faiz, vade fark\u0131, kur fark\u0131n\u0131 \u00f6demeyi kabul ve taahh\u00fct eder.[\/vc_column_text]<div class=\"sohohotel-title2 sohohotel-title-color\"><h3>MADDE 4: \u0130PTAL, DEV\u0130R VE DE\u011e\u0130\u015e\u0130KL\u0130KLER<\/h3><\/div>[vc_column_text]4.1. Yap\u0131lan rezervasyonlarda iptal ve de\u011fi\u015fiklikler i\u00e7in Destek hatt\u0131 (0 (544) 293 55 20) ile irtibata ge\u00e7ilmesi veya info@worldhousebh.com internet adresine ge\u00e7erli gerek\u00e7enin g\u00f6nderilmesi veya yaz\u0131l\u0131 ve\/veya kal\u0131c\u0131 veri saklay\u0131c\u0131s\u0131 ile bildirilmesi gerekmektedir.<\/p>\n<p>4.2. \u0130ptal ve de\u011fi\u015fikliklerde a\u015fa\u011f\u0131daki kurallar uygulan\u0131r:<br \/>\na. T\u00fcketicinin tesise giri\u015f tarihinden 30 g\u00fcn kalaya kadar iptal-de\u011fi\u015fiklik talep etmesi durumunda, rezervasyon \u2018\u2019\u0130ade Edilemez\u2019\u2019 de\u011fil ise \u00fccretin tamam\u0131 iade edilir. T\u00fcketici, rezervasyonunu kendisinin veya birinci derecede akrabalar\u0131n\u0131n 10 g\u00fcnl\u00fck mutat i\u015ftigaline engel rahats\u0131zl\u0131klar\u0131n\u0131 ve \u00f6l\u00fcmlerini resmi bir rapor ile belgelemeleri halleri d\u0131\u015f\u0131nda kalan bir sebeple tesise giri\u015f tarihinden 14-7 g\u00fcn \u00f6ncesine kadar yapaca\u011f\u0131 iptal ve de\u011fi\u015fikliklerde toplam bedelin %50\u2019sinden, tesise giri\u015f tarihinden 7 g\u00fcnden az bir s\u00fcre kalaya kadar yap\u0131lacak iptal ve de\u011fi\u015fikliklerde ise toplam bedelin tamam\u0131ndan sorumlu olup, bu bedelleri World House Boutique Hotel\u2019e \u00f6demeyi kabul ve taahh\u00fct eder.<\/p>\n<ol>\n<li>T\u00fcketici, indirimli sat\u0131\u015f d\u00f6neminde sat\u0131n alm\u0131\u015f oldu\u011fu indirimli erken rezervasyon \u00fcr\u00fcn\u00fcnde herhangi bir sebeple tarih de\u011fi\u015fikli\u011fi yapt\u0131rmak isterse, talepte bulundu\u011fu tarihte ge\u00e7erli olan liste fiyatlar\u0131 \u00fczerinden indirimsiz rezervasyon de\u011fi\u015fikli\u011fi yap\u0131laca\u011f\u0131n\u0131 kabul eder.<\/li>\n<li>T\u00fcketici, \u00f6n \u00f6demesini yapt\u0131\u011f\u0131 rezervasyonla ilgili istedi\u011fi de\u011fi\u015fikli\u011fi, tesise giri\u015ften en ge\u00e7 7 g\u00fcn \u00f6ncesine kadar yaz\u0131l\u0131 olarak belirtmedi\u011fi s\u00fcrece, i\u015fbu s\u00f6zle\u015fmede ve rezervasyonda yaz\u0131l\u0131 konaklama \u015fekilleri ve ko\u015fullar\u0131 ge\u00e7erli olacakt\u0131r.<\/li>\n<li>T\u00fcketicinin konaklama yapaca\u011f\u0131 tesise gidemeyece\u011fini\/ula\u015famayaca\u011f\u0131n\u0131 yaz\u0131l\u0131 olarak bildirmemesi durumunda World House Boutique Hotel, t\u00fcketici ad\u0131na yap\u0131lm\u0131\u015f t\u00fcm rezervasyonlar\u0131 konaklaman\u0131n ba\u015flang\u0131\u00e7 tarihinden sonraki 24 saatin bitiminde iptal etme hakk\u0131na sahiptir. Bu gibi iptallerde t\u00fcketiciye herhangi bir \u00fccret iadesi yap\u0131lmaz.<\/li>\n<li>World House Boutique Hotel, t\u00fcketicinin rezervasyonunun kendisine ula\u015ft\u0131\u011f\u0131 tarihten itibaren taahh\u00fct etti\u011fi s\u00fcre i\u00e7inde edimini yerine getirmek zorundad\u0131r. World House Boutique Hotel y\u00fck\u00fcml\u00fcl\u00fc\u011f\u00fcn\u00fc yerine getirmemesi durumunda, t\u00fcketici s\u00f6zle\u015fmeyi feshedebilir. S\u00f6zle\u015fmenin feshi durumunda, World House Boutique Hotel, tahsil edilen t\u00fcm \u00f6demeleri fesih bildiriminin kendisine ula\u015ft\u0131\u011f\u0131 tarihten itibaren on d\u00f6rt g\u00fcn i\u00e7inde t\u00fcketiciye kanuni faiziyle birlikte geri \u00f6demek ve varsa t\u00fcketiciyi bor\u00e7 alt\u0131na sokan t\u00fcm k\u0131ymetli evrak ve benzeri belgeleri iade etmek zorundad\u0131r.<\/li>\n<li>Rezervasyon konusu hizmet ediminin yerine getirilmesinin imk\u00e2ns\u0131zla\u015ft\u0131\u011f\u0131 hallerde, World House Boutique Hotel\u2019in, bu durumu \u00f6\u011frendi\u011fi tarihten itibaren \u00fc\u00e7 g\u00fcn i\u00e7inde t\u00fcketiciye yaz\u0131l\u0131 olarak veya kal\u0131c\u0131 veri saklay\u0131c\u0131s\u0131 ile bildirmesi ve tahsil edilen t\u00fcm \u00f6demeleri bildirim tarihinden itibaren en ge\u00e7 on d\u00f6rt g\u00fcn i\u00e7inde iade etmesi zorunludur.<\/li>\n<li>World House Boutique Hotel, kendisinin s\u00f6zle\u015fmeyi haks\u0131z olarak feshetmesi halinde, t\u00fcketicinin o g\u00fcne kadar yapt\u0131\u011f\u0131 t\u00fcm \u00f6demeleri t\u00fcketiciye iade etmek zorundad\u0131r.<\/li>\n<\/ol>\n<p>4.3. T\u00fcketici rezervasyonundaki tarih haricindeki de\u011fi\u015fiklik taleplerini, al\u0131nan hizmetin ba\u015flang\u0131\u00e7 tarihinden en ge\u00e7 7 g\u00fcn \u00f6ncesine kadar World House Boutique Hotel\u2019e bildirmek kayd\u0131 ile de\u011ferlendirmeye al\u0131n\u0131r. World House Boutique Hotel, bu de\u011fi\u015fiklik talebini imkanlar \u00f6l\u00e7\u00fcs\u00fcnde ele al\u0131r; ger\u00e7ekle\u015femeyen de\u011fi\u015fiklik taleplerinden dolay\u0131 World House Boutqiue Hotel\u2019e herhangi bir itirazda bulunulamaz veya World House Boutique Hotel sorumlu tutulamaz.<\/p>\n<p>4.4. Otelden erken ayr\u0131lma halinde t\u00fcketici, s\u00f6zle\u015fme bedelinin tamam\u0131n\u0131 \u00f6demekle sorumlu oldu\u011funu ve bu bedeli World House Boutique Hotel\u2019e \u00f6demeyi kabul ve taahh\u00fct eder.<\/p>\n<p>4.5. Yap\u0131lan \u00f6demelerde ortaya \u00e7\u0131kacak iadeler rezervasyon s\u0131ras\u0131nda kullan\u0131lan kredi kart\u0131na veya banka hesab\u0131na yap\u0131l\u0131r.[\/vc_column_text]<div class=\"sohohotel-title2 sohohotel-title-color\"><h3>MADDE 5: D\u0130\u011eER H\u00dcK\u00dcMLER<\/h3><\/div>[vc_column_text]<strong>5.1.<\/strong> \u0130\u015fbu s\u00f6zle\u015fmeye konu konaklama ile ilgili bilgiler, T\u00fcketici taraf\u0131ndan World House Boutique Hotel\u2019in internet sitesinden incelenmi\u015f ve de\u011ferlendirilmi\u015ftir. Konaklama bedeli ve \u00f6deme \u015fekli internet sitesi \u00fczerinden rezervasyon tamamlanmadan t\u00fcketici taraf\u0131ndan g\u00f6r\u00fcl\u00fcr ve t\u00fcketici kendi iste\u011fine ba\u011fl\u0131 olarak \u00f6deme se\u00e7eneklerinden birini tercih eder. T\u00fcketici kredi kart bilgilerini sisteme girerek \u00f6demesini tamamlar. Kredi kart bilgilerinin girilece\u011fi sistem uluslararas\u0131 g\u00fcvenlik yaz\u0131l\u0131m\u0131nca korumal\u0131 durumda olup, herhangi bir \u015fekilde bilgilerin g\u00f6r\u00fclmesi veya kopyalanmas\u0131 m\u00fcmk\u00fcn de\u011fildir. Ancak, T\u00fcketicinin bilgisayar\u0131nda bulunacak vir\u00fcs vb. yaz\u0131l\u0131mlar\u0131 ile veya T\u00fcketicinin ihmalinden kaynaklanan nedenlerle \u00fc\u00e7\u00fcnc\u00fc ki\u015filer taraf\u0131ndan ele ge\u00e7irilecek \u015fifreleri ve bilgileri ile sistemden i\u015flem yapt\u0131r\u0131lmas\u0131 ve bu y\u00fczden T\u00fcketicinin u\u011frayabilece\u011fi zararlardan World House Boutique Hotel\u2019in herhangi bir cezai \u015fart veya tazminat \u00f6deme y\u00fck\u00fcml\u00fcl\u00fc\u011f\u00fc bulunmad\u0131\u011f\u0131 gibi, bu nedenlerle olu\u015fabilecek zararlar\u0131 da T\u00fcketiciye r\u00fccu etme hakk\u0131 bulunmaktad\u0131r.<\/p>\n<p><strong>5.2.<\/strong> T\u00fcketicinin, \u015fik\u00e2yet\u00e7i oldu\u011fu hususlar\u0131 hizmetin ifas\u0131 s\u0131ras\u0131nda yaz\u0131l\u0131 olarak yetkiliye bildirmesi iyi niyetli T\u00fcketicinin \u00f6zen borcudur. T\u00fcketicinin, \u015fik\u00e2yet\u00e7i oldu\u011fu halde hizmeti World House Boutique Hotel yetkililerine bildirmeden sonuna kadar kullanmas\u0131, \u015fik\u00e2yet konular\u0131 ile ilgili ikame hizmet ve bedel iadesi gibi tazminat haklar\u0131n\u0131 ortadan kald\u0131r\u0131r.<\/p>\n<p><strong>5.3.<\/strong> T\u00fcketici, bu otel rezervasyonu s\u00f6zle\u015fmesini, mail order, sanal pos, havale veya EFT ile alarak herhangi bir sebepten dolay\u0131 imzalayamam\u0131\u015f olsa dahi, taraflar aras\u0131nda ge\u00e7erli olacak bu s\u00f6zle\u015fme \u015fartlar\u0131n\u0131 katalog, internet sitesi veya ilanlar ile \u00f6\u011frenmi\u015f olup, bu otel rezervasyonu s\u00f6zle\u015fmesini bu s\u00f6zle\u015fmedeki yaz\u0131l\u0131 \u015fartlarda almay\u0131 taahh\u00fct etmi\u015ftir.<\/p>\n<p><strong>5.4.<\/strong> T\u00fcketici, bu otel rezervasyonu ile imza alt\u0131na al\u0131nan ve s\u00f6zle\u015fmede ad\u0131 ge\u00e7en otel hakk\u0131nda her t\u00fcrl\u00fc bilgiyi World House Boutique Hotel\u2019e ait web adreslerinden ald\u0131ktan ve gerekli t\u00fcm incelemesini yapt\u0131ktan sonra, bu s\u00f6zle\u015fmeyi okuyarak imzalad\u0131\u011f\u0131n\u0131 taahh\u00fct eder.<\/p>\n<p><strong>5.5.<\/strong> \u0130ptal edilmeksizin otele giri\u015f yap\u0131lmamas\u0131 halinde, konaklama bedeli iade edilmez. \u00d6l\u00fcm, hastal\u0131k kaza gibi durumlarda m\u00fccbir sebebin belgelenmesi halinde, kal\u0131nmayan s\u00fcrelerin bedelleri iade edilir. Bu sebeplerin d\u0131\u015f\u0131ndaki herhangi bir nedenle otele ge\u00e7 giri\u015f yap\u0131lmas\u0131 veya erken \u00e7\u0131k\u0131\u015f yap\u0131lmas\u0131 halinde kalan s\u00fcrelerin bedelleri iade edilmez.<\/p>\n<p><strong>5.6.<\/strong> Tesise giri\u015fte kimlik ve ya\u015f kontrol\u00fc yap\u0131lmaktad\u0131r. Yanl\u0131\u015f veya eksik beyan halindeki bildirimlerden dolay\u0131 arada bir fark do\u011far ise, otele giri\u015f an\u0131nda tahsil edilir.<\/p>\n<p><strong>5.7.<\/strong> Konaklama tarihleri, konaklayacak ki\u015filerin isimleri, konaklaman\u0131n yap\u0131laca\u011f\u0131 tesis-oda tipi, konaklama sistemi; i\u015fbu s\u00f6zle\u015fmenin eki ve ayr\u0131lmaz bir par\u00e7as\u0131 olan World House Boutique Hotel\u2019in internet sitesinde yay\u0131nlanan tan\u0131t\u0131m sayfas\u0131nda ve t\u00fcketici taraf\u0131ndan yap\u0131lan rezervasyon kay\u0131tlar\u0131nda a\u00e7\u0131k\u00e7a yer almaktad\u0131r.<\/p>\n<p><strong>5.8.<\/strong> T\u00fcketici, rezervasyonda belirtilen tarihler aras\u0131nda konaklama yapacakt\u0131r. Bu tarihler haricinde tesis m\u00fcsait ise ve konaklama i\u00e7in World House Boutique Hotel\u2019e uzatma ile ilgili talebini ve \u00f6demesini ger\u00e7ekle\u015ftirdikten sonra tarihi uzatabilir.<\/p>\n<p><strong>5.9.<\/strong> World House Boutique Hotel, t\u00fcketicinin konaklama tesisindeki hi\u00e7bir kayb\u0131 ve\/veya hasar\u0131 ile k\u0131ymetli e\u015fyalar\u0131n\u0131n \u00e7al\u0131nmas\u0131ndan sorumlu de\u011fildir.<\/p>\n<p><strong>5.10.<\/strong> T\u00fcketici(ler), otele var\u0131\u015f saatleri ne olursa olsun odalara yerle\u015fmenin en erken saat 14:00\u2019de m\u00fcmk\u00fcn olabilece\u011fini, \u00e7\u0131k\u0131\u015f g\u00fcn\u00fc ise tesisten ayr\u0131l\u0131\u015f saatine bak\u0131lmaks\u0131z\u0131n odalar\u0131n en ge\u00e7 saat 12:00\u2019de bo\u015falt\u0131lmas\u0131 gerekti\u011fini ve tesiste alacaklar\u0131 ekstra yiyecek-i\u00e7ecek ve sistem d\u0131\u015f\u0131 hizmetlerin \u00fccretlerinin kendilerine ait oldu\u011funu \u015fimdiden kabul, beyan ve taahh\u00fct ederler.<\/p>\n<p><strong>5.11.<\/strong> S\u00f6zle\u015fmede imzas\u0131 bulunmayan ancak s\u00f6zle\u015fmeye konu hizmete kat\u0131lan t\u00fcketici(ler), kendi ad\u0131na kay\u0131t yapt\u0131rmakla g\u00f6revlendirdikleri ki\u015filerin bu s\u00f6zle\u015fmeyi okuyup imzalamas\u0131 ile s\u00f6zle\u015fme h\u00fck\u00fcmlerini kabul ve taahh\u00fct etmi\u015f say\u0131l\u0131rlar. World House Boutique Hotel\u2019in, s\u00f6zle\u015fmede imzas\u0131 bulunan ki\u015filere \u00f6demi\u015f oldu\u011fu fazla miktar ya da hizmet bedelinin tahsili i\u00e7in di\u011fer t\u00fcketicilere r\u00fccu hakk\u0131 sakl\u0131d\u0131r.<\/p>\n<p><strong>5.12<\/strong>. T\u00fcketici, s\u00f6zle\u015fme konusu \u00fcr\u00fcn\u00fcn\/hizmetin nitelikleri, sat\u0131\u015f fiyat\u0131, \u00f6deme \u015fekli, ifa ve di\u011fer t\u00fcm \u00f6n bilgileri ald\u0131\u011f\u0131n\u0131, okuyup bilgi sahibi oldu\u011funu ve elektronik ortamda gerekli teyidi verdi\u011fini kabul ve beyan eder. World House Boutique Hotel, s\u00f6zle\u015fme konusu hizmetin ay\u0131pl\u0131 olmas\u0131 nedeniyle t\u00fcketiciye kar\u015f\u0131 sorumludur.<\/p>\n<p><strong>5.13.<\/strong> Faturalar rezervasyon esnas\u0131nda t\u00fcketici taraf\u0131ndan fatura adresi b\u00f6l\u00fcm\u00fcnde belirtilen adrese g\u00f6nderilir. \u015eayet fatura adresi b\u00f6l\u00fcm\u00fc bo\u015f b\u0131rak\u0131lm\u0131\u015f ise, ileti\u015fim bilgileri adresine fatura g\u00f6nderilir. Faturan\u0131n; yanl\u0131\u015f adres belirtilmesi veya teslim edilecek ki\u015finin belirtilmemesi ya da belirtilen adreste bulunamamas\u0131ndan kaynaklanan, yap\u0131lamayan teslimatlar\u0131ndan World House Boutique Hotel sorumlu de\u011fildir.<\/p>\n<p><strong>5.14.<\/strong> \u00c7ocuk indirimleri ebeveyn ile ayn\u0131 odada konaklad\u0131klar\u0131nda ge\u00e7erlidir. \u00c7ocuklu ailelerin rezervasyonlar\u0131nda T\u00fcketici taraf\u0131ndan beyan edilen \u00e7ocuk ya\u015f\u0131 dikkate al\u0131n\u0131r. Ancak \u00e7ocu\u011fun, otele giri\u015f kay\u0131t esnas\u0131nda tesis g\u00f6revlisi taraf\u0131ndan talep edilen \u00e7ocuk kimli\u011findeki ya\u015f\u0131 ile beyan edilen ya\u015f\u0131 aras\u0131nda fark tespit edildi\u011fi takdirde, aradaki fiyat fark\u0131 T\u00fcketici taraf\u0131ndan World House Boutique Hotel, \u00f6denerek gerekli de\u011fi\u015fiklik yap\u0131l\u0131r.<\/p>\n<p><strong>5.15.<\/strong> Olumsuz hava ko\u015fullar\u0131, yol engeli, ter\u00f6r, grev-lokavt, sava\u015f ihtimali, sel, yang\u0131n, \u00f6ng\u00f6r\u00fclemez teknik hususlar vb. haller m\u00fccbir sebep say\u0131l\u0131r. Bu gibi nedenler ile konaklaman\u0131n ba\u015flamamas\u0131 veya devam\u0131na engel te\u015fkil eden hallerden dolay\u0131 World House Boutique Hotel, konaklamay\u0131 iptal edebilir veya ayn\u0131 kategori ve nitelikte ayn\u0131 b\u00f6lgede veya ba\u015fka bir b\u00f6lgede ba\u015fka konaklama tesisi ile de\u011fi\u015ftirebilir. Bu gibi durumlarda t\u00fcketicinin tazminat hakk\u0131 yoktur.<\/p>\n<p><strong>5.16.<\/strong> Bayram, y\u0131lba\u015f\u0131 ve benzeri gibi sanat\u00e7\u0131l\u0131 olarak ilan edilerek sat\u0131lan konaklamalarda otelin iradesi d\u0131\u015f\u0131nda (sanat\u00e7\u0131n\u0131n hastalanmas\u0131) olu\u015fan durumlarda, World House Boutique Hotel, sanat\u00e7\u0131 de\u011fi\u015fikli\u011fi yapma hakk\u0131n\u0131 sakl\u0131 tutar.<\/p>\n<p><strong>5.17.<\/strong> Otel Rezervasyon\/Kay\u0131t belgesi, i\u015f bu s\u00f6zle\u015fmenin eki ve ayr\u0131lmaz bir par\u00e7as\u0131 olup, taraflar i\u00e7in ba\u011flay\u0131c\u0131d\u0131r.[\/vc_column_text]<div class=\"sohohotel-title2 sohohotel-title-color\"><h3>MADDE 6: YETK\u0130L\u0130 MAHKEME<\/h3><\/div>[vc_column_text]\u0130\u015fbu konaklama s\u00f6zle\u015fmesinin uygulanmas\u0131ndan do\u011fan ihtilaflar\u0131n \u00e7\u00f6z\u00fcm\u00fcnde; \u00f6ncelikle i\u015fbu s\u00f6zle\u015fme h\u00fck\u00fcmleri ile 6502 say\u0131l\u0131 T\u00fcketicinin Korunmas\u0131 Hakk\u0131nda Kanun ve ilgili Y\u00f6netmelik h\u00fck\u00fcmleri uygulanacak olup, taraflar, yasal s\u0131n\u0131rlar i\u00e7inde T\u00fcketici Mahkemelerine ve\/veya T\u00fcketici Sorunlar\u0131 Hakem Heyetine ba\u015fvurabilirler. Uyu\u015fmazl\u0131klar\u0131n \u00e7\u00f6z\u00fcm\u00fcnde yetkili mahkeme; \u0130stanbul (Beyo\u011flu) mahkeme ve icra daireleridir. T\u00fcketici, s\u00f6zle\u015fme konusu hizmetin nitelikleri, sat\u0131\u015f fiyat\u0131, \u00f6deme \u015fekli, ifaya ili\u015fkin bilgiler internet sitesindeki tan\u0131t\u0131m sayfas\u0131nda ve kay\u0131t (rezervasyon) belgesinde yaz\u0131l\u0131 olan t\u00fcm hususlarda bilgilerin bir n\u00fcshas\u0131n\u0131 elektronik ortamda ald\u0131\u011f\u0131n\u0131, okuyup bilgi sahibi oldu\u011funu ve elektronik ortamda gerekli teyidi verdi\u011fini kabul ve beyan eder.[\/vc_column_text][\/vc_column][\/vc_row]<\/p>\n","protected":false},"excerpt":{"rendered":"<p>[vc_row css=&#8221;.vc_custom_1594555398313{margin-bottom: 50px !important;}&#8221;][vc_column][vc_column_text] Bir tarafta adresi \u015eahkulu Mah. Galip Dede Cad. NO: 85\/A BEYOGLU\/ ISTANBUL TURIZM B\u0130L\u0130\u015e\u0130M H\u0130ZM. ORG. VE GIDA T\u0130C. VE SAN.VE TIC.\u015eT\u0130 (Bu s\u00f6zle\u015fmede k\u0131saca \u201cWorld House Boutique Hotel\u201d diye an\u0131lacakt\u0131r.) di\u011fer tarafta a\u015fa\u011f\u0131da bilgileri yer alan t\u00fcketici(ler) aras\u0131nda rezervasyon ve konaklama hizmetine ili\u015fkin olarak a\u015fa\u011f\u0131daki \u015fartlar \u00e7er\u00e7evesinde Konaklama Sat\u0131\u015f S\u00f6zle\u015fmesi<\/p>\n<a href=\"https:\/\/www.worldhousebh.com\/index.php\/mesafelisatissozlesmesi\/\" class=\"sohohotel-more-link\">Read More<i class=\"fa fa-angle-right\"><\/i><\/a>","protected":false},"author":1,"featured_media":1168,"parent":0,"menu_order":0,"comment_status":"closed","ping_status":"closed","template":"","meta":{"footnotes":""},"class_list":["post-1147","page","type-page","status-publish","has-post-thumbnail","hentry"],"_links":{"self":[{"href":"https:\/\/www.worldhousebh.com\/index.php\/wp-json\/wp\/v2\/pages\/1147","targetHints":{"allow":["GET"]}}],"collection":[{"href":"https:\/\/www.worldhousebh.com\/index.php\/wp-json\/wp\/v2\/pages"}],"about":[{"href":"https:\/\/www.worldhousebh.com\/index.php\/wp-json\/wp\/v2\/types\/page"}],"author":[{"embeddable":true,"href":"https:\/\/www.worldhousebh.com\/index.php\/wp-json\/wp\/v2\/users\/1"}],"replies":[{"embeddable":true,"href":"https:\/\/www.worldhousebh.com\/index.php\/wp-json\/wp\/v2\/comments?post=1147"}],"version-history":[{"count":12,"href":"https:\/\/www.worldhousebh.com\/index.php\/wp-json\/wp\/v2\/pages\/1147\/revisions"}],"predecessor-version":[{"id":1318,"href":"https:\/\/www.worldhousebh.com\/index.php\/wp-json\/wp\/v2\/pages\/1147\/revisions\/1318"}],"wp:featuredmedia":[{"embeddable":true,"href":"https:\/\/www.worldhousebh.com\/index.php\/wp-json\/wp\/v2\/media\/1168"}],"wp:attachment":[{"href":"https:\/\/www.worldhousebh.com\/index.php\/wp-json\/wp\/v2\/media?parent=1147"}],"curies":[{"name":"wp","href":"https:\/\/api.w.org\/{rel}","templated":true}]}}